{"id":72,"date":"2026-02-23T11:34:56","date_gmt":"2026-02-23T10:34:56","guid":{"rendered":"https:\/\/mariannenollevalle.com\/?page_id=72"},"modified":"2026-05-06T23:22:51","modified_gmt":"2026-05-06T21:22:51","slug":"expositions-passees-a-venir","status":"publish","type":"page","link":"https:\/\/mariannenollevalle.com\/en\/expositions-passees-a-venir\/","title":{"rendered":"Past \/ upcoming exhibitions"},"content":{"rendered":"<div class=\"wp-block-media-text is-stacked-on-mobile\"><figure class=\"wp-block-media-text__media\"><img loading=\"lazy\" decoding=\"async\" width=\"724\" height=\"1024\" src=\"https:\/\/mariannenollevalle.com\/wp-content\/uploads\/2026\/05\/Expo4art-Mai2026-affiche-web-724x1024.jpg\" alt=\"\" class=\"wp-image-880 size-full\" srcset=\"https:\/\/mariannenollevalle.com\/wp-content\/uploads\/2026\/05\/Expo4art-Mai2026-affiche-web-724x1024.jpg 724w, https:\/\/mariannenollevalle.com\/wp-content\/uploads\/2026\/05\/Expo4art-Mai2026-affiche-web-212x300.jpg 212w, https:\/\/mariannenollevalle.com\/wp-content\/uploads\/2026\/05\/Expo4art-Mai2026-affiche-web-768x1086.jpg 768w, https:\/\/mariannenollevalle.com\/wp-content\/uploads\/2026\/05\/Expo4art-Mai2026-affiche-web-8x12.jpg 8w, https:\/\/mariannenollevalle.com\/wp-content\/uploads\/2026\/05\/Expo4art-Mai2026-affiche-web.jpg 794w\" sizes=\"auto, (max-width: 724px) 100vw, 724px\" \/><\/figure><div class=\"wp-block-media-text__content\">\n<p>Exposition collective<\/p>\n<\/div><\/div>\n\n\n\n<div class=\"wp-block-media-text is-stacked-on-mobile\"><figure class=\"wp-block-media-text__media\"><img loading=\"lazy\" decoding=\"async\" width=\"876\" height=\"1024\" src=\"https:\/\/mariannenollevalle.com\/wp-content\/uploads\/2026\/05\/IMG_2558-1-876x1024.jpeg\" alt=\"\" class=\"wp-image-878 size-full\" srcset=\"https:\/\/mariannenollevalle.com\/wp-content\/uploads\/2026\/05\/IMG_2558-1-876x1024.jpeg 876w, https:\/\/mariannenollevalle.com\/wp-content\/uploads\/2026\/05\/IMG_2558-1-257x300.jpeg 257w, https:\/\/mariannenollevalle.com\/wp-content\/uploads\/2026\/05\/IMG_2558-1-768x898.jpeg 768w, https:\/\/mariannenollevalle.com\/wp-content\/uploads\/2026\/05\/IMG_2558-1-1313x1536.jpeg 1313w, https:\/\/mariannenollevalle.com\/wp-content\/uploads\/2026\/05\/IMG_2558-1-1751x2048.jpeg 1751w, https:\/\/mariannenollevalle.com\/wp-content\/uploads\/2026\/05\/IMG_2558-1-10x12.jpeg 10w\" sizes=\"auto, (max-width: 876px) 100vw, 876px\" \/><\/figure><div class=\"wp-block-media-text__content\">\n<p>Salon ART3F \u00e0 Lyon (69)<\/p>\n<\/div><\/div>\n\n\n\n<div style=\"height:0px\" aria-hidden=\"true\" class=\"wp-block-spacer\"><\/div>\n\n\n\n<div class=\"wp-block-media-text\"><figure class=\"wp-block-media-text__media\"><img loading=\"lazy\" decoding=\"async\" width=\"819\" height=\"1024\" src=\"https:\/\/mariannenollevalle.com\/wp-content\/uploads\/2026\/03\/mecenavie-artexpo-new-york-avril-2026-819x1024.png\" alt=\"\" class=\"wp-image-542 size-full\" srcset=\"https:\/\/mariannenollevalle.com\/wp-content\/uploads\/2026\/03\/mecenavie-artexpo-new-york-avril-2026-819x1024.png 819w, https:\/\/mariannenollevalle.com\/wp-content\/uploads\/2026\/03\/mecenavie-artexpo-new-york-avril-2026-240x300.png 240w, https:\/\/mariannenollevalle.com\/wp-content\/uploads\/2026\/03\/mecenavie-artexpo-new-york-avril-2026-768x960.png 768w, https:\/\/mariannenollevalle.com\/wp-content\/uploads\/2026\/03\/mecenavie-artexpo-new-york-avril-2026.png 1080w\" sizes=\"auto, (max-width: 819px) 100vw, 819px\" \/><\/figure><div class=\"wp-block-media-text__content\">\n<p>First international collective exhibition.<\/p>\n<\/div><\/div>\n\n\n\n<div class=\"wp-block-media-text is-stacked-on-mobile\"><figure class=\"wp-block-media-text__media\"><img loading=\"lazy\" decoding=\"async\" width=\"640\" height=\"332\" src=\"https:\/\/mariannenollevalle.com\/wp-content\/uploads\/2026\/04\/2.png\" alt=\"\" class=\"wp-image-635 size-full\" srcset=\"https:\/\/mariannenollevalle.com\/wp-content\/uploads\/2026\/04\/2.png 640w, https:\/\/mariannenollevalle.com\/wp-content\/uploads\/2026\/04\/2-300x156.png 300w\" sizes=\"auto, (max-width: 640px) 100vw, 640px\" \/><\/figure><div class=\"wp-block-media-text__content\">\n<p>Every 1st Sunday of each month<\/p>\n<\/div><\/div>\n\n\n\n<div class=\"wp-block-media-text\"><figure class=\"wp-block-media-text__media\"><img loading=\"lazy\" decoding=\"async\" width=\"240\" height=\"254\" src=\"https:\/\/mariannenollevalle.com\/wp-content\/uploads\/2026\/02\/ART-3F-Paris.jpeg\" alt=\"\" class=\"wp-image-114 size-full\"\/><\/figure><div class=\"wp-block-media-text__content\">\n<p>ART3F show in Paris (75)<\/p>\n<\/div><\/div>\n\n\n\n<div class=\"wp-block-media-text\"><figure class=\"wp-block-media-text__media\"><img loading=\"lazy\" decoding=\"async\" width=\"724\" height=\"1024\" src=\"https:\/\/mariannenollevalle.com\/wp-content\/uploads\/2026\/03\/Affiche-Hirson-Bleue-724x1024.jpg\" alt=\"\" class=\"wp-image-210 size-full\" srcset=\"https:\/\/mariannenollevalle.com\/wp-content\/uploads\/2026\/03\/Affiche-Hirson-Bleue-724x1024.jpg 724w, https:\/\/mariannenollevalle.com\/wp-content\/uploads\/2026\/03\/Affiche-Hirson-Bleue-212x300.jpg 212w, https:\/\/mariannenollevalle.com\/wp-content\/uploads\/2026\/03\/Affiche-Hirson-Bleue-768x1087.jpg 768w, https:\/\/mariannenollevalle.com\/wp-content\/uploads\/2026\/03\/Affiche-Hirson-Bleue-600x849.jpg 600w, https:\/\/mariannenollevalle.com\/wp-content\/uploads\/2026\/03\/Affiche-Hirson-Bleue.jpg 841w\" sizes=\"auto, (max-width: 724px) 100vw, 724px\" \/><\/figure><div class=\"wp-block-media-text__content\">\n<div class=\"wp-block-buttons is-content-justification-left is-layout-flex wp-container-core-buttons-is-layout-fc4fd283 wp-block-buttons-is-layout-flex\">\n<div class=\"wp-block-button has-custom-width wp-block-button__width-100\"><a class=\"wp-block-button__link wp-element-button\" href=\"https:\/\/www.lunion.fr\/id770626\/article\/2025-12-09\/marianne-nollevalle-expose-sa-peinture-hirson\">Read the article<\/a><\/div>\n<\/div>\n<\/div><\/div>\n\n\n\n<div class=\"wp-block-media-text\"><figure class=\"wp-block-media-text__media\"><img loading=\"lazy\" decoding=\"async\" width=\"280\" height=\"595\" src=\"https:\/\/mariannenollevalle.com\/wp-content\/uploads\/2026\/03\/ARTS-RIPA-INVITATION-2025-V3.jpg\" alt=\"\" class=\"wp-image-209 size-full\" srcset=\"https:\/\/mariannenollevalle.com\/wp-content\/uploads\/2026\/03\/ARTS-RIPA-INVITATION-2025-V3.jpg 280w, https:\/\/mariannenollevalle.com\/wp-content\/uploads\/2026\/03\/ARTS-RIPA-INVITATION-2025-V3-141x300.jpg 141w\" sizes=\"auto, (max-width: 280px) 100vw, 280px\" \/><\/figure><div class=\"wp-block-media-text__content\">\n<p>Group exhibition in Rive de Gier (42)Group exhibition in Rive de Gier (42)<\/p>\n<\/div><\/div>\n\n\n\n<div class=\"wp-block-media-text\"><figure class=\"wp-block-media-text__media\"><img loading=\"lazy\" decoding=\"async\" width=\"430\" height=\"606\" src=\"https:\/\/mariannenollevalle.com\/wp-content\/uploads\/2026\/03\/FLYER-Expo-St-Fortunat.jpg\" alt=\"\" class=\"wp-image-208 size-full\" srcset=\"https:\/\/mariannenollevalle.com\/wp-content\/uploads\/2026\/03\/FLYER-Expo-St-Fortunat.jpg 430w, https:\/\/mariannenollevalle.com\/wp-content\/uploads\/2026\/03\/FLYER-Expo-St-Fortunat-213x300.jpg 213w\" sizes=\"auto, (max-width: 430px) 100vw, 430px\" \/><\/figure><div class=\"wp-block-media-text__content\">\n<p>Group exhibition in St Fortunat (69)<\/p>\n<\/div><\/div>\n\n\n\n<div class=\"wp-block-media-text\"><figure class=\"wp-block-media-text__media\"><img loading=\"lazy\" decoding=\"async\" width=\"235\" height=\"320\" src=\"https:\/\/mariannenollevalle.com\/wp-content\/uploads\/2026\/02\/Nolart-Birth.jpeg\" alt=\"\" class=\"wp-image-116 size-full\" srcset=\"https:\/\/mariannenollevalle.com\/wp-content\/uploads\/2026\/02\/Nolart-Birth.jpeg 235w, https:\/\/mariannenollevalle.com\/wp-content\/uploads\/2026\/02\/Nolart-Birth-220x300.jpeg 220w\" sizes=\"auto, (max-width: 235px) 100vw, 235px\" \/><\/figure><div class=\"wp-block-media-text__content\">\n<p>Personal exhibition in Chasselay (69)<\/p>\n<\/div><\/div>","protected":false},"excerpt":{"rendered":"<p>Exposition collective Salon ART3F \u00e0 Lyon (69) Premi\u00e8re exposition collective internationale. Tous les 1 er dimanche de chaque mois Salon ART3F \u00e0 Paris (75) Exposition collective \u00e0 Rive de Gier (42) Exposition collective \u00e0 St Fortunat (69) Exposition personnelle \u00e0 Chasselay (69)<\/p>","protected":false},"author":1,"featured_media":0,"parent":0,"menu_order":2,"comment_status":"closed","ping_status":"closed","template":"page-no-separators","meta":{"footnotes":""},"class_list":["post-72","page","type-page","status-publish","hentry"],"_links":{"self":[{"href":"https:\/\/mariannenollevalle.com\/en\/wp-json\/wp\/v2\/pages\/72","targetHints":{"allow":["GET"]}}],"collection":[{"href":"https:\/\/mariannenollevalle.com\/en\/wp-json\/wp\/v2\/pages"}],"about":[{"href":"https:\/\/mariannenollevalle.com\/en\/wp-json\/wp\/v2\/types\/page"}],"author":[{"embeddable":true,"href":"https:\/\/mariannenollevalle.com\/en\/wp-json\/wp\/v2\/users\/1"}],"replies":[{"embeddable":true,"href":"https:\/\/mariannenollevalle.com\/en\/wp-json\/wp\/v2\/comments?post=72"}],"version-history":[{"count":22,"href":"https:\/\/mariannenollevalle.com\/en\/wp-json\/wp\/v2\/pages\/72\/revisions"}],"predecessor-version":[{"id":881,"href":"https:\/\/mariannenollevalle.com\/en\/wp-json\/wp\/v2\/pages\/72\/revisions\/881"}],"wp:attachment":[{"href":"https:\/\/mariannenollevalle.com\/en\/wp-json\/wp\/v2\/media?parent=72"}],"curies":[{"name":"wp","href":"https:\/\/api.w.org\/{rel}","templated":true}]}}