{"id":69,"date":"2026-02-23T11:29:53","date_gmt":"2026-02-23T10:29:53","guid":{"rendered":"https:\/\/mariannenollevalle.com\/?page_id=69"},"modified":"2026-04-06T18:08:01","modified_gmt":"2026-04-06T16:08:01","slug":"presentation","status":"publish","type":"page","link":"https:\/\/mariannenollevalle.com\/en\/","title":{"rendered":"Marianne Nollevalle Lowy"},"content":{"rendered":"<div class=\"wp-block-group alignfull is-layout-constrained wp-container-core-group-is-layout-df8428a5 wp-block-group-is-layout-constrained\" style=\"padding-top:0;padding-right:var(--wp--preset--spacing--30);padding-bottom:0;padding-left:var(--wp--preset--spacing--30)\">\n<div class=\"wp-block-group has-base-color has-contrast-background-color has-text-color has-background is-layout-flow wp-block-group-is-layout-flow\" style=\"padding-top:var(--wp--preset--spacing--60);padding-right:var(--wp--preset--spacing--30);padding-bottom:var(--wp--preset--spacing--60);padding-left:var(--wp--preset--spacing--30)\">\n<p class=\"has-text-align-center has-base-color has-text-color has-heading-font-family has-x-large-font-size\" style=\"line-height:1.2\"><em>\u00ab A painting lives only by the one who looks at it. \u00bb<\/em> <\/p>\n\n\n\n<p class=\"has-text-align-right\">Pablo Picasso<\/p>\n<\/div>\n\n\n\n<div style=\"height:var(--wp--preset--spacing--30)\" aria-hidden=\"true\" class=\"wp-block-spacer\"><\/div>\n\n\n\n<figure class=\"wp-block-gallery aligncenter has-nested-images columns-default is-cropped wp-block-gallery-1 is-layout-flex wp-block-gallery-is-layout-flex\">\n<figure class=\"wp-block-image size-full\"><img loading=\"lazy\" decoding=\"async\" width=\"567\" height=\"480\" data-id=\"29\" src=\"https:\/\/mariannenollevalle.com\/wp-content\/uploads\/2026\/02\/marianne-dans-galerie.jpeg\" alt=\"\" class=\"wp-image-29\" style=\"object-fit:cover\" srcset=\"https:\/\/mariannenollevalle.com\/wp-content\/uploads\/2026\/02\/marianne-dans-galerie.jpeg 567w, https:\/\/mariannenollevalle.com\/wp-content\/uploads\/2026\/02\/marianne-dans-galerie-300x254.jpeg 300w\" sizes=\"auto, (max-width: 567px) 100vw, 567px\" \/><\/figure>\n<\/figure>\n\n\n\n<p class=\"has-text-align-center\">48 year old self-taught artist from Thi\u00e9rache. I train at the school of life, according to my friendly and artistic encounters. (Lille, Berlin, Paris, London, Lyon). Coming from a broken and close-up family, I am a woman of my time, divorced with 2 teenagers, who did not give any importance to school, except to artistic activities. I took courses at L'Ensba, and in different groups of enthusiasts. My style can be applied, volcanic, colorful, evolving according to my understandings, my emotions, my environment. I explore various themes, freedom, transmission, peace, war, environment, human relations... with an approach of improvisation, adaptability, overcoming. My works seek to find buyers, to continue to live according to my values hoping to transmit them to lovers of art, beauty, sensitivity and emotions<\/p>\n<\/div>\n\n\n\n<div style=\"height:50px\" aria-hidden=\"true\" class=\"wp-block-spacer\"><\/div>\n\n\n\n<hr class=\"wp-block-separator has-alpha-channel-opacity is-style-wide\"\/>\n\n\n\n<div style=\"height:50px\" aria-hidden=\"true\" class=\"wp-block-spacer\"><\/div>\n\n\n\n<div class=\"wp-block-group alignfull has-base-2-background-color has-background is-layout-constrained wp-container-core-group-is-layout-a948bcc3 wp-block-group-is-layout-constrained\" style=\"margin-top:0;margin-bottom:0;padding-top:var(--wp--preset--spacing--50);padding-right:var(--wp--preset--spacing--30);padding-bottom:var(--wp--preset--spacing--50);padding-left:var(--wp--preset--spacing--30)\">\n<div class=\"wp-block-group is-vertical is-content-justification-center is-layout-flex wp-container-core-group-is-layout-af4db4b2 wp-block-group-is-layout-flex\" style=\"padding-right:var(--wp--preset--spacing--40);padding-left:var(--wp--preset--spacing--40)\">\n<h2 data-wp-context---core-fit-text=\"core\/fit-text::{&quot;fontSize&quot;:&quot;&quot;}\" data-wp-init---core-fit-text=\"core\/fit-text::callbacks.init\" data-wp-interactive data-wp-style--font-size=\"core\/fit-text::context.fontSize\" class=\"wp-block-heading has-text-align-center is-style-asterisk has-fit-text\"><strong>A passion for creation<\/strong><\/h2>\n\n\n\n<div aria-hidden=\"true\" class=\"wp-block-spacer wp-container-content-4dd21e30\"><\/div>\n<\/div>\n\n\n\n<div class=\"wp-block-columns alignwide is-layout-flex wp-container-core-columns-is-layout-4ac6af14 wp-block-columns-is-layout-flex\" style=\"padding-top:0;padding-right:var(--wp--preset--spacing--20);padding-bottom:0;padding-left:var(--wp--preset--spacing--20)\">\n<div class=\"wp-block-column is-layout-flow wp-container-core-column-is-layout-e3d1c41b wp-block-column-is-layout-flow\">\n<div style=\"height:50px\" aria-hidden=\"true\" class=\"wp-block-spacer\"><\/div>\n\n\n\n<h3 class=\"wp-block-heading has-text-align-left has-large-font-size\">My quest for color<\/h3>\n\n\n\n<div style=\"height:25px\" aria-hidden=\"true\" class=\"wp-block-spacer\"><\/div>\n\n\n\n<blockquote class=\"wp-block-quote is-layout-flow wp-block-quote-is-layout-flow\">\n<p class=\"has-text-align-left\">I like the color, I know its hypnotic, narcotic power.<\/p>\n\n\n\n<p>It touches, it hits, it radiates, it floods, it swallows by its vibrations.<\/p>\n\n\n\n<p>Sometimes powerful, sometimes light, nuanced, harmonious by its variations. Pure emotion, she can touch without explaining. Seductive, she can only be pure pleasure of the eye.<\/p>\n\n\n\n<p class=\"has-text-align-left\">I'm trying to tame the color.<\/p>\n<\/blockquote>\n<\/div>\n\n\n\n<div class=\"wp-block-column is-layout-flow wp-container-core-column-is-layout-e3d1c41b wp-block-column-is-layout-flow\">\n<div style=\"height:50px\" aria-hidden=\"true\" class=\"wp-block-spacer\"><\/div>\n\n\n\n<h3 class=\"wp-block-heading has-large-font-size\">My quest for the trait, the form<\/h3>\n\n\n\n<div style=\"height:25px\" aria-hidden=\"true\" class=\"wp-block-spacer\"><\/div>\n\n\n\n<blockquote class=\"wp-block-quote is-layout-flow wp-block-quote-is-layout-flow\">\n<p>The form, the trait, which orders the world, contains it.<\/p>\n\n\n\n<p>Order, calm, clarity.<\/p>\n\n\n\n<p class=\"has-text-align-left\">Make the picture intelligible and sensitive to faith.<\/p>\n<\/blockquote>\n<\/div>\n\n\n\n<div class=\"wp-block-column is-layout-flow wp-container-core-column-is-layout-e3d1c41b wp-block-column-is-layout-flow\">\n<div style=\"height:50px\" aria-hidden=\"true\" class=\"wp-block-spacer\"><\/div>\n\n\n\n<h3 class=\"wp-block-heading has-large-font-size\">My quest for matter <\/h3>\n\n\n\n<div style=\"height:25px\" aria-hidden=\"true\" class=\"wp-block-spacer\"><\/div>\n\n\n\n<blockquote class=\"wp-block-quote is-layout-flow wp-block-quote-is-layout-flow\">\n<p class=\"has-text-align-left\">I like the dough, its density, its heaviness, its opacity, the resistance it opposes to the gesture, the strength it suggests.<\/p>\n\n\n\n<p>I appreciate the light materials, the fluidity they transmit to the gesture, their transparency, the light they suggest.<\/p>\n\n\n\n<p class=\"has-text-align-left\">I work the resin for the depth and intensity it brings.<\/p>\n<\/blockquote>\n<\/div>\n<\/div>\n\n\n\n<div style=\"height:100px\" aria-hidden=\"true\" class=\"wp-block-spacer\"><\/div>\n\n\n\n<div class=\"wp-block-columns are-vertically-aligned-center is-layout-flex wp-container-core-columns-is-layout-08a2a807 wp-block-columns-is-layout-flex\">\n<div class=\"wp-block-column is-vertically-aligned-center is-layout-flow wp-block-column-is-layout-flow\" style=\"flex-basis:50%\">\n<figure class=\"wp-block-image aligncenter size-full\"><img loading=\"lazy\" decoding=\"async\" width=\"427\" height=\"640\" src=\"https:\/\/mariannenollevalle.com\/wp-content\/uploads\/2026\/02\/marianne-reflection-1.jpeg\" alt=\"\" class=\"wp-image-60\" srcset=\"https:\/\/mariannenollevalle.com\/wp-content\/uploads\/2026\/02\/marianne-reflection-1.jpeg 427w, https:\/\/mariannenollevalle.com\/wp-content\/uploads\/2026\/02\/marianne-reflection-1-200x300.jpeg 200w\" sizes=\"auto, (max-width: 427px) 100vw, 427px\" \/><\/figure>\n<\/div>\n\n\n\n<div class=\"wp-block-column is-vertically-aligned-center is-layout-flow wp-block-column-is-layout-flow\" style=\"flex-basis:50%\">\n<blockquote class=\"wp-block-quote is-layout-flow wp-block-quote-is-layout-flow\">\n<p>Freeze on the canvas energy, emotion, suspended time. Subordinate the form to the substance, all at the service of an emotion. Traits, light colors, transparency doughs, the intention is what connects these elements to the service of the emotion of the meaning that I want to transmit. Each of the paintings I give you is a step, an experiment, an exploration, nothing is constant if not change. These paintings are sometimes strokes of brilliance, sometimes caresses.<\/p>\n<\/blockquote>\n<\/div>\n<\/div>\n<\/div>","protected":false},"excerpt":{"rendered":"<p>\u00ab&nbsp;&nbsp;Un tableau ne vit que par celui qui le regarde.&nbsp;\u00bb Pablo Picasso Artiste autodidacte de 48 ans originaire de la Thi\u00e9rache. Je me forme \u00e0 l\u2019\u00e9cole de la vie, au gr\u00e9 de mes rencontres amicales et artistiques. ( Lille, Berlin, Paris, Londres, Lyon). Issue d\u2019une famille \u00e9clat\u00e9e et soud\u00e9e, je suis une femme de mon [&hellip;]<\/p>\n","protected":false},"author":1,"featured_media":0,"parent":0,"menu_order":1,"comment_status":"closed","ping_status":"closed","template":"page-no-separators","meta":{"footnotes":""},"class_list":["post-69","page","type-page","status-publish","hentry"],"_links":{"self":[{"href":"https:\/\/mariannenollevalle.com\/en\/wp-json\/wp\/v2\/pages\/69","targetHints":{"allow":["GET"]}}],"collection":[{"href":"https:\/\/mariannenollevalle.com\/en\/wp-json\/wp\/v2\/pages"}],"about":[{"href":"https:\/\/mariannenollevalle.com\/en\/wp-json\/wp\/v2\/types\/page"}],"author":[{"embeddable":true,"href":"https:\/\/mariannenollevalle.com\/en\/wp-json\/wp\/v2\/users\/1"}],"replies":[{"embeddable":true,"href":"https:\/\/mariannenollevalle.com\/en\/wp-json\/wp\/v2\/comments?post=69"}],"version-history":[{"count":98,"href":"https:\/\/mariannenollevalle.com\/en\/wp-json\/wp\/v2\/pages\/69\/revisions"}],"predecessor-version":[{"id":835,"href":"https:\/\/mariannenollevalle.com\/en\/wp-json\/wp\/v2\/pages\/69\/revisions\/835"}],"wp:attachment":[{"href":"https:\/\/mariannenollevalle.com\/en\/wp-json\/wp\/v2\/media?parent=69"}],"curies":[{"name":"wp","href":"https:\/\/api.w.org\/{rel}","templated":true}]}}